{"id":10,"date":"2025-12-03T01:00:03","date_gmt":"2025-12-02T18:00:03","guid":{"rendered":"https:\/\/8xx.green\/?page_id=10"},"modified":"2025-12-08T17:46:12","modified_gmt":"2025-12-08T10:46:12","slug":"home-page","status":"publish","type":"page","link":"https:\/\/www.8xx.green\/","title":{"rendered":"8xx &#8211; Web Game Online S\u1ed1 1"},"content":{"rendered":"<div class=\"slider-wrapper relative\" id=\"slider-743933988\" >\n    <div class=\"slider slider-nav-circle slider-nav-large slider-nav-light slider-style-normal\"\n        data-flickity-options='{\n            \"cellAlign\": \"center\",\n            \"imagesLoaded\": true,\n            \"lazyLoad\": 1,\n            \"freeScroll\": false,\n            \"wrapAround\": true,\n            \"autoPlay\": 6000,\n            \"pauseAutoPlayOnHover\" : true,\n            \"prevNextButtons\": true,\n            \"contain\" : true,\n            \"adaptiveHeight\" : true,\n            \"dragThreshold\" : 10,\n            \"percentPosition\": true,\n            \"pageDots\": true,\n            \"rightToLeft\": false,\n            \"draggable\": true,\n            \"selectedAttraction\": 0.1,\n            \"parallax\" : 0,\n            \"friction\": 0.6        }'\n        >\n        \n\t<div class=\"img has-hover x md-x lg-x y md-y lg-y\" id=\"image_1004852390\">\n\t\t\t\t\t\t\t\t<div class=\"img-inner dark\" >\n\t\t\t<img loading=\"lazy\" decoding=\"async\" width=\"1920\" height=\"500\" src=\"https:\/\/www.8xx.green\/wp-content\/uploads\/2025\/12\/dang-ky-ngay-8xx.webp\" class=\"attachment-original size-original\" alt=\"8xx | Trang Web Tr\u00f2 Ch\u01a1i Tr\u1ef1c Tuy\u1ebfn Uy T\u00edn H\u00e0ng \u0110\u1ea7u\" srcset=\"https:\/\/www.8xx.green\/wp-content\/uploads\/2025\/12\/dang-ky-ngay-8xx.webp 1920w, https:\/\/www.8xx.green\/wp-content\/uploads\/2025\/12\/dang-ky-ngay-8xx-300x78.webp 300w, https:\/\/www.8xx.green\/wp-content\/uploads\/2025\/12\/dang-ky-ngay-8xx-1024x267.webp 1024w, https:\/\/www.8xx.green\/wp-content\/uploads\/2025\/12\/dang-ky-ngay-8xx-768x200.webp 768w, https:\/\/www.8xx.green\/wp-content\/uploads\/2025\/12\/dang-ky-ngay-8xx-1536x400.webp 1536w\" sizes=\"auto, (max-width: 1920px) 100vw, 1920px\" \/>\t\t\t\t\t\t\n\t\t\t\t\t<\/div>\n\t\t\t\t\t\t\t\t\n<style>\n#image_1004852390 {\n  width: 100%;\n}\n<\/style>\n\t<\/div>\n\t\n     <\/div>\n\n     <div class=\"loading-spin dark large centered\"><\/div>\n\n\t<\/div>\n\n\n\n\t<section class=\"section\" id=\"section_1323029068\">\n\t\t<div class=\"section-bg fill\" >\n\t\t\t\t\t\t\t\t\t\n\t\t\t\n\n\t\t<\/div>\n\n\t\t\n\n\t\t<div class=\"section-content relative\">\n\t\t\t\n<div class=\"container section-title-container\" ><h1 class=\"section-title section-title-bold-center\"><b><\/b><span class=\"section-title-main\" >8xx | Trang Web Tr\u00f2 Ch\u01a1i Tr\u1ef1c Tuy\u1ebfn Uy T\u00edn H\u00e0ng \u0110\u1ea7u<\/span><b><\/b><\/h1><\/div>\n<div class=\"row\"  id=\"row-304558596\">\n\n\t<div id=\"col-62926999\" class=\"col small-12 large-12\"  >\n\t\t\t\t<div class=\"col-inner\"  >\n\t\t\t\n\t\t\t\n<p><span data-sheets-root=\"1\"><strong><a href=\"https:\/\/8xx.green\/\">8xx<\/a><\/strong> &#8211; C\u1ed5ng game online uy t\u00edn l\u00e0 \u0111i\u1ec3m d\u1eebng ch\u00e2n l\u00fd t\u01b0\u1edfng cho m\u1ecdi game th\u1ee7 y\u00eau th\u00edch s\u1ef1 ti\u1ec7n l\u1ee3i v\u00e0 \u0111a d\u1ea1ng. T\u1ea1i \u0111\u00e2y, b\u1ea1n s\u1ebd \u0111\u01b0\u1ee3c tr\u1ea3i nghi\u1ec7m kho tr\u00f2 ch\u01a1i \u0111\u1ed3 s\u1ed9, t\u1ed1c \u0111\u1ed9 t\u1ea3i trang si\u00eau nhanh v\u00e0 ho\u00e0n to\u00e0n mi\u1ec5n ph\u00ed m\u00e0 kh\u00f4ng c\u1ea7n c\u00e0i \u0111\u1eb7t ph\u1ee9c t\u1ea1p. D\u00f9 b\u1ea1n y\u00eau th\u00edch th\u1ec3 lo\u1ea1i h\u00e0nh \u0111\u1ed9ng, chi\u1ebfn thu\u1eadt hay gi\u1ea3i \u0111\u1ed1, 8xx lu\u00f4n s\u1eb5n s\u00e0ng mang \u0111\u1ebfn nh\u1eefng ph\u00fat gi\u00e2y gi\u1ea3i tr\u00ed \u0111\u1ec9nh cao v\u00e0 m\u01b0\u1ee3t m\u00e0 nh\u1ea5t ngay tr\u00ean tr\u00ecnh duy\u1ec7t c\u1ee7a b\u1ea1n.<\/span><\/p>\n\t\t<\/div>\n\t\t\t\t\t<\/div>\n\n\t\n<\/div>\n<div class=\"row\"  id=\"row-22830234\">\n\n\t<div id=\"col-770404757\" class=\"col medium-3 small-6 large-3\"  >\n\t\t\t\t<div class=\"col-inner\"  >\n\t\t\t\n\t\t\t\n<div class=\"row\"  id=\"row-672530023\">\n\n\t<div id=\"col-2086775112\" class=\"col medium-4 small-12 large-4\"  >\n\t\t\t\t<div class=\"col-inner\"  >\n\t\t\t\n\t\t\t\n\t<div class=\"img has-hover x md-x lg-x y md-y lg-y\" id=\"image_1880110826\">\n\t\t\t\t\t\t\t\t<div class=\"img-inner dark\" >\n\t\t\t<img loading=\"lazy\" decoding=\"async\" width=\"55\" height=\"67\" src=\"https:\/\/www.8xx.green\/wp-content\/uploads\/2025\/12\/thuong-hieu.webp\" class=\"attachment-original size-original\" alt=\"Th\u01b0\u01a1ng hi\u1ec7u uy t\u00edn\" \/>\t\t\t\t\t\t\n\t\t\t\t\t<\/div>\n\t\t\t\t\t\t\t\t\n<style>\n#image_1880110826 {\n  width: 100%;\n}\n<\/style>\n\t<\/div>\n\t\n\t\t<\/div>\n\t\t\t\t\t<\/div>\n\n\t\n\n\t<div id=\"col-185638020\" class=\"col medium-8 small-12 large-8\"  >\n\t\t\t\t<div class=\"col-inner\"  >\n\t\t\t\n\t\t\t\n<p><strong>TH\u01af\u01a0NG HI\u1ec6U UY T\u00cdN<\/strong><\/p>\n<p>N\u1ec1n t\u1ea3ng \u0111\u01b0\u1ee3c tin ch\u1ecdn nh\u1edd s\u1ef1 minh b\u1ea1ch, an to\u00e0n v\u00e0 t\u1ed1c \u0111\u1ed9.<\/p>\n\t\t<\/div>\n\t\t\t\t\t<\/div>\n\n\t\n<\/div>\n\t\t<\/div>\n\t\t\t\t\t<\/div>\n\n\t\n\n\t<div id=\"col-718102607\" class=\"col medium-3 small-6 large-3\"  >\n\t\t\t\t<div class=\"col-inner\"  >\n\t\t\t\n\t\t\t\n<div class=\"row\"  id=\"row-1549611170\">\n\n\t<div id=\"col-1044129307\" class=\"col medium-4 small-12 large-4\"  >\n\t\t\t\t<div class=\"col-inner\"  >\n\t\t\t\n\t\t\t\n\t<div class=\"img has-hover x md-x lg-x y md-y lg-y\" id=\"image_300472594\">\n\t\t\t\t\t\t\t\t<div class=\"img-inner dark\" >\n\t\t\t<img loading=\"lazy\" decoding=\"async\" width=\"57\" height=\"58\" src=\"https:\/\/www.8xx.green\/wp-content\/uploads\/2025\/12\/tro-choi.webp\" class=\"attachment-original size-original\" alt=\"S\u1ea2N PH\u1ea8M \u0110A D\u1ea0NG\" \/>\t\t\t\t\t\t\n\t\t\t\t\t<\/div>\n\t\t\t\t\t\t\t\t\n<style>\n#image_300472594 {\n  width: 100%;\n}\n<\/style>\n\t<\/div>\n\t\n\t\t<\/div>\n\t\t\t\t\t<\/div>\n\n\t\n\n\t<div id=\"col-148303692\" class=\"col medium-8 small-12 large-8\"  >\n\t\t\t\t<div class=\"col-inner\"  >\n\t\t\t\n\t\t\t\n<p><strong>S\u1ea2N PH\u1ea8M \u0110A D\u1ea0NG<\/strong><\/p>\n<p>+1000 Tr\u00f2 ch\u01a1i \u0111em \u0111\u1ebfn s\u1ef1 kh\u00e1c bi\u1ec7t trong tr\u1ea3i nghi\u1ec7m.<\/p>\n\t\t<\/div>\n\t\t\t\t\t<\/div>\n\n\t\n<\/div>\n\t\t<\/div>\n\t\t\t\t\t<\/div>\n\n\t\n\n\t<div id=\"col-1846744299\" class=\"col medium-3 small-6 large-3\"  >\n\t\t\t\t<div class=\"col-inner\"  >\n\t\t\t\n\t\t\t\n<div class=\"row\"  id=\"row-1944203422\">\n\n\t<div id=\"col-982584432\" class=\"col medium-4 small-12 large-4\"  >\n\t\t\t\t<div class=\"col-inner\"  >\n\t\t\t\n\t\t\t\n\t<div class=\"img has-hover x md-x lg-x y md-y lg-y\" id=\"image_100834491\">\n\t\t\t\t\t\t\t\t<div class=\"img-inner dark\" >\n\t\t\t<img loading=\"lazy\" decoding=\"async\" width=\"57\" height=\"58\" src=\"https:\/\/www.8xx.green\/wp-content\/uploads\/2025\/12\/bao-mat.webp\" class=\"attachment-original size-original\" alt=\"AN TO\u00c0N B\u1ea2O M\u1eacT\" \/>\t\t\t\t\t\t\n\t\t\t\t\t<\/div>\n\t\t\t\t\t\t\t\t\n<style>\n#image_100834491 {\n  width: 100%;\n}\n<\/style>\n\t<\/div>\n\t\n\t\t<\/div>\n\t\t\t\t\t<\/div>\n\n\t\n\n\t<div id=\"col-2088207642\" class=\"col medium-8 small-12 large-8\"  >\n\t\t\t\t<div class=\"col-inner\"  >\n\t\t\t\n\t\t\t\n<p><strong>AN TO\u00c0N B\u1ea2O M\u1eacT<\/strong><\/p>\n<p>H\u1ec7 th\u1ed1ng b\u1ea3o m\u1eadt nghi\u00eam ng\u1eb7t b\u1ea3o v\u1ec7 m\u1ecdi d\u1eef li\u1ec7u v\u00e0 t\u00e0i kho\u1ea3n.<\/p>\n\t\t<\/div>\n\t\t\t\t\t<\/div>\n\n\t\n<\/div>\n\t\t<\/div>\n\t\t\t\t\t<\/div>\n\n\t\n\n\t<div id=\"col-545099494\" class=\"col medium-3 small-6 large-3\"  >\n\t\t\t\t<div class=\"col-inner\"  >\n\t\t\t\n\t\t\t\n<div class=\"row\"  id=\"row-706771514\">\n\n\t<div id=\"col-1427030213\" class=\"col medium-4 small-12 large-4\"  >\n\t\t\t\t<div class=\"col-inner\"  >\n\t\t\t\n\t\t\t\n\t<div class=\"img has-hover x md-x lg-x y md-y lg-y\" id=\"image_1014349765\">\n\t\t\t\t\t\t\t\t<div class=\"img-inner dark\" >\n\t\t\t<img loading=\"lazy\" decoding=\"async\" width=\"60\" height=\"53\" src=\"https:\/\/www.8xx.green\/wp-content\/uploads\/2025\/12\/giao-dich-nhanh.webp\" class=\"attachment-original size-original\" alt=\"GIAO D\u1ecaCH SI\u00caU T\u1ed0C\" \/>\t\t\t\t\t\t\n\t\t\t\t\t<\/div>\n\t\t\t\t\t\t\t\t\n<style>\n#image_1014349765 {\n  width: 100%;\n}\n<\/style>\n\t<\/div>\n\t\n\t\t<\/div>\n\t\t\t\t\t<\/div>\n\n\t\n\n\t<div id=\"col-402488979\" class=\"col medium-8 small-12 large-8\"  >\n\t\t\t\t<div class=\"col-inner\"  >\n\t\t\t\n\t\t\t\n<p><strong>GIAO D\u1ecaCH NHANH<\/strong><\/p>\n<p>N\u1ea1p \u2013 r\u00fat ch\u1ec9 trong v\u00e0i gi\u00e2y v\u1edbi quy tr\u00ecnh t\u1ef1 \u0111\u1ed9ng h\u00f3a.<\/p>\n\t\t<\/div>\n\t\t\t\t\t<\/div>\n\n\t\n<\/div>\n\t\t<\/div>\n\t\t\t\t\t<\/div>\n\n\t\n<\/div>\n<div class=\"container section-title-container\" ><h3 class=\"section-title section-title-normal\"><b><\/b><span class=\"section-title-main\" >B\u00c0I VI\u1ebeT M\u1edaI NH\u1ea4T<\/span><b><\/b><\/h3><\/div>\n<div class=\"row\"  id=\"row-737871356\">\n\n\t<div id=\"col-437342878\" class=\"col small-12 large-12\"  >\n\t\t\t\t<div class=\"col-inner\"  >\n\t\t\t\n\t\t\t\n\n  \n    <div class=\"row large-columns-3 medium-columns-1 small-columns-1 slider row-slider slider-nav-reveal slider-nav-push\"  data-flickity-options='{&quot;imagesLoaded&quot;: true, &quot;groupCells&quot;: &quot;100%&quot;, &quot;dragThreshold&quot; : 5, &quot;cellAlign&quot;: &quot;left&quot;,&quot;wrapAround&quot;: true,&quot;prevNextButtons&quot;: true,&quot;percentPosition&quot;: true,&quot;pageDots&quot;: false, &quot;rightToLeft&quot;: false, &quot;autoPlay&quot; : false}' >\n\n  <div class=\"col post-item\" >\n\t\t\t<div class=\"col-inner\">\n\t\t\t\t<div class=\"box box-normal box-text-bottom box-blog-post has-hover\">\n          \t\t\t\t\t<div class=\"box-text text-center\" >\n\t\t\t\t\t<div class=\"box-text-inner blog-post-inner\">\n\n\t\t\t\t\t\n\t\t\t\t\t\t\t\t\t\t<h5 class=\"post-title is-large \">\n\t\t\t\t\t\t<a href=\"https:\/\/www.8xx.green\/index.php\/2025\/11\/29\/hello-world\/\" class=\"plain\">Hello world!<\/a>\n\t\t\t\t\t<\/h5>\n\t\t\t\t\t<div class=\"post-meta is-small op-8\">Th\u00e1ng m\u01b0\u1eddi m\u1ed9t 29, 2025<\/div>\t\t\t\t\t<div class=\"is-divider\"><\/div>\n\t\t\t\t\t\t\t\t\t\t<p class=\"from_the_blog_excerpt \">\n\t\t\t\t\t\tWelcome to WordPress. This is your first post. Edit or delete it, then start writing!\t\t\t\t\t<\/p>\n\t\t\t\t\t                                            <p class=\"from_the_blog_comments uppercase is-xsmall\">\n                            1 B\u00ecnh lu\u1eadn                        <\/p>\n                    \n\t\t\t\t\t\n\t\t\t\t\t\n\t\t\t\t\t<\/div>\n\t\t\t\t\t<\/div>\n\t\t\t\t\t\t\t\t\t<\/div>\n\t\t\t<\/div>\n\t\t<\/div><\/div>\n\t\t<\/div>\n\t\t\t\t\t<\/div>\n\n\t\n<\/div>\n\t\t<\/div>\n\n\t\t\n<style>\n#section_1323029068 {\n  padding-top: 30px;\n  padding-bottom: 30px;\n}\n<\/style>\n\t<\/section>\n\t\n","protected":false},"excerpt":{"rendered":"","protected":false},"author":1,"featured_media":0,"parent":0,"menu_order":0,"comment_status":"closed","ping_status":"closed","template":"page-blank.php","meta":{"footnotes":""},"class_list":["post-10","page","type-page","status-publish","hentry"],"_links":{"self":[{"href":"https:\/\/www.8xx.green\/index.php\/wp-json\/wp\/v2\/pages\/10","targetHints":{"allow":["GET"]}}],"collection":[{"href":"https:\/\/www.8xx.green\/index.php\/wp-json\/wp\/v2\/pages"}],"about":[{"href":"https:\/\/www.8xx.green\/index.php\/wp-json\/wp\/v2\/types\/page"}],"author":[{"embeddable":true,"href":"https:\/\/www.8xx.green\/index.php\/wp-json\/wp\/v2\/users\/1"}],"replies":[{"embeddable":true,"href":"https:\/\/www.8xx.green\/index.php\/wp-json\/wp\/v2\/comments?post=10"}],"version-history":[{"count":39,"href":"https:\/\/www.8xx.green\/index.php\/wp-json\/wp\/v2\/pages\/10\/revisions"}],"predecessor-version":[{"id":100,"href":"https:\/\/www.8xx.green\/index.php\/wp-json\/wp\/v2\/pages\/10\/revisions\/100"}],"wp:attachment":[{"href":"https:\/\/www.8xx.green\/index.php\/wp-json\/wp\/v2\/media?parent=10"}],"curies":[{"name":"wp","href":"https:\/\/api.w.org\/{rel}","templated":true}]}}